{"id":743,"date":"2025-10-24T10:41:55","date_gmt":"2025-10-24T10:41:55","guid":{"rendered":"https:\/\/cera-bat.be\/?page_id=743"},"modified":"2025-10-24T10:41:55","modified_gmt":"2025-10-24T10:41:55","slug":"mentions-legales","status":"publish","type":"page","link":"https:\/\/cera-bat.be\/nl\/mentions-legales\/","title":{"rendered":"Mentions L\u00e9gales"},"content":{"rendered":"[vc_row type=&#8221;in_container&#8221; full_screen_row_position=&#8221;middle&#8221; column_margin=&#8221;default&#8221; column_direction=&#8221;default&#8221; column_direction_tablet=&#8221;default&#8221; column_direction_phone=&#8221;default&#8221; scene_position=&#8221;center&#8221; text_color=&#8221;dark&#8221; text_align=&#8221;left&#8221; row_border_radius=&#8221;none&#8221; row_border_radius_applies=&#8221;bg&#8221; overflow=&#8221;visible&#8221; overlay_strength=&#8221;0.3&#8243; gradient_direction=&#8221;left_to_right&#8221; shape_divider_position=&#8221;bottom&#8221; bg_image_animation=&#8221;none&#8221;][vc_column column_padding=&#8221;no-extra-padding&#8221; column_padding_tablet=&#8221;inherit&#8221; column_padding_phone=&#8221;inherit&#8221; column_padding_position=&#8221;all&#8221; column_element_direction_desktop=&#8221;default&#8221; column_element_spacing=&#8221;default&#8221; desktop_text_alignment=&#8221;default&#8221; tablet_text_alignment=&#8221;default&#8221; phone_text_alignment=&#8221;default&#8221; background_color_opacity=&#8221;1&#8243; background_hover_color_opacity=&#8221;1&#8243; column_backdrop_filter=&#8221;none&#8221; column_shadow=&#8221;none&#8221; column_border_radius=&#8221;none&#8221; column_link_target=&#8221;_self&#8221; column_position=&#8221;default&#8221; gradient_direction=&#8221;left_to_right&#8221; overlay_strength=&#8221;0.3&#8243; width=&#8221;1\/1&#8243; tablet_width_inherit=&#8221;default&#8221; animation_type=&#8221;default&#8221; bg_image_animation=&#8221;none&#8221; border_type=&#8221;simple&#8221; column_border_width=&#8221;none&#8221; column_border_style=&#8221;solid&#8221;][vc_column_text css=&#8221;&#8221; text_direction=&#8221;default&#8221;]\n<h1>MENTIONS L\u00c9GALES<\/h1>\n<h2>Exploitation du site web<\/h2>\n<p>D\u00e9nomination de l\u2019entreprise : CERA-BAT<br \/>\nForme juridique : SRL<br \/>\nAdresse du si\u00e8ge social : Albert Van Cotthemstraat 161 \u00e0 1600 Sint-Pieters-Leeuw<br \/>\nMontant du capital social :&nbsp;\/<br \/>\nNum\u00e9ro d\u2019entreprise : 0864.327.507<br \/>\nT\u00e9l\u00e9phone : 0479\/68.64.43<br \/>\nAdresse \u00e9lectronique : cera-bat@live.be<br \/>\nSite : http:\/\/cera-bat.be\/<\/p>\n<h2>Editeur du site internet<\/h2>\n<p>Le pr\u00e9sent site, accessible \u00e0 l\u2019URL (le \u00ab Site \u00bb), est \u00e9dit\u00e9 par : Onlyne SRL, soci\u00e9t\u00e9 inscrite \u00e0 la banque national des entreprises sous le num\u00e9ro BE0804289851 ayant son si\u00e8ge \u00e0 Chauss\u00e9e de Charleroi 280 6061 Montignies-sur-Sambre, repr\u00e9sent\u00e9(e) par William Chardon.<br \/>\nCapital social :&nbsp;2500\u20ac<\/p>\n<h2>H\u00e9bergeur du site internet<\/h2>\n<p>Nom : Kinsta<br \/>\nD\u00e9nomination ou raison sociale : Inc.<br \/>\nAdresse : 8605 Santa Monica Blvd #92581, West Hollywood, CA 90069,<br \/>\nUSA<br \/>\ne-mail : privacy@kinsta.com<\/p>\n<h2>Responsable \u00e9ditorial du site internet<\/h2>\n<p>Le directeur de la publication du site est William Chardon<br \/>\nLe responsable de la r\u00e9daction du site est<\/p>\n<h3>Nous contacter<\/h3>\n<p>Par t\u00e9l\u00e9phone : +32487560820<br \/>\nPar email : hello@onlyne.be<br \/>\nPar courrier : Chauss\u00e9e de Charleroi 280, 6061 Montignies-sur-Sambre<\/p>\n<h3>Donn\u00e9es personnelles<\/h3>\n<p>Vos donn\u00e9es \u00e0 caract\u00e8re personnel sont prot\u00e9g\u00e9es notamment contre l&#8217;acc\u00e8s non autoris\u00e9, l&#8217;utilisation ill\u00e9gitime, la perte et des modifications non autoris\u00e9es.[\/vc_column_text][\/vc_column][\/vc_row]\n","protected":false},"excerpt":{"rendered":"<p>[vc_row type=&#8221;in_container&#8221; full_screen_row_position=&#8221;middle&#8221; column_margin=&#8221;default&#8221; column_direction=&#8221;default&#8221; column_direction_tablet=&#8221;default&#8221; column_direction_phone=&#8221;default&#8221; scene_position=&#8221;center&#8221; text_color=&#8221;dark&#8221; text_align=&#8221;left&#8221; row_border_radius=&#8221;none&#8221; row_border_radius_applies=&#8221;bg&#8221; overflow=&#8221;visible&#8221; overlay_strength=&#8221;0.3&#8243; gradient_direction=&#8221;left_to_right&#8221; shape_divider_position=&#8221;bottom&#8221; bg_image_animation=&#8221;none&#8221;][vc_column column_padding=&#8221;no-extra-padding&#8221; column_padding_tablet=&#8221;inherit&#8221; column_padding_phone=&#8221;inherit&#8221; column_padding_position=&#8221;all&#8221; column_element_direction_desktop=&#8221;default&#8221; column_element_spacing=&#8221;default&#8221; desktop_text_alignment=&#8221;default&#8221; tablet_text_alignment=&#8221;default&#8221; phone_text_alignment=&#8221;default&#8221; background_color_opacity=&#8221;1&#8243; background_hover_color_opacity=&#8221;1&#8243; column_backdrop_filter=&#8221;none&#8221; column_shadow=&#8221;none&#8221;&#8230;<\/p>\n","protected":false},"author":2,"featured_media":0,"parent":0,"menu_order":0,"comment_status":"closed","ping_status":"closed","template":"","meta":{"_seopress_robots_primary_cat":"","_seopress_titles_title":"","_seopress_titles_desc":"","_seopress_robots_index":"","footnotes":""},"class_list":["post-743","page","type-page","status-publish"],"_links":{"self":[{"href":"https:\/\/cera-bat.be\/nl\/wp-json\/wp\/v2\/pages\/743","targetHints":{"allow":["GET"]}}],"collection":[{"href":"https:\/\/cera-bat.be\/nl\/wp-json\/wp\/v2\/pages"}],"about":[{"href":"https:\/\/cera-bat.be\/nl\/wp-json\/wp\/v2\/types\/page"}],"author":[{"embeddable":true,"href":"https:\/\/cera-bat.be\/nl\/wp-json\/wp\/v2\/users\/2"}],"replies":[{"embeddable":true,"href":"https:\/\/cera-bat.be\/nl\/wp-json\/wp\/v2\/comments?post=743"}],"version-history":[{"count":0,"href":"https:\/\/cera-bat.be\/nl\/wp-json\/wp\/v2\/pages\/743\/revisions"}],"wp:attachment":[{"href":"https:\/\/cera-bat.be\/nl\/wp-json\/wp\/v2\/media?parent=743"}],"curies":[{"name":"wp","href":"https:\/\/api.w.org\/{rel}","templated":true}]}}